{"id":4285,"date":"2022-02-10T17:12:55","date_gmt":"2022-02-10T17:12:55","guid":{"rendered":"https:\/\/lisbon-boats.com\/sobre-nos\/"},"modified":"2025-04-04T12:17:39","modified_gmt":"2025-04-04T12:17:39","slug":"sobre-nos","status":"publish","type":"page","link":"https:\/\/lisbon-boats.com\/pt-pt\/sobre-nos\/","title":{"rendered":"Sobre n\u00f3s"},"content":{"rendered":"\t\t<div data-elementor-type=\"wp-page\" data-elementor-id=\"4285\" class=\"elementor elementor-4285 elementor-431\" data-elementor-post-type=\"page\">\n\t\t\t\t\t\t<section class=\"elementor-section elementor-top-section elementor-element elementor-element-b9fc833 elementor-section-full_width elementor-section-height-default elementor-section-height-default\" data-id=\"b9fc833\" data-element_type=\"section\">\n\t\t\t\t\t\t<div class=\"elementor-container elementor-column-gap-no\">\n\t\t\t\t\t<div class=\"elementor-column elementor-col-100 elementor-top-column elementor-element elementor-element-f120fc4\" data-id=\"f120fc4\" data-element_type=\"column\">\n\t\t\t<div class=\"elementor-widget-wrap elementor-element-populated\">\n\t\t\t\t\t\t<div class=\"elementor-element elementor-element-282c76c elementor-widget elementor-widget-heading\" data-id=\"282c76c\" data-element_type=\"widget\" data-widget_type=\"heading.default\">\n\t\t\t\t\t<h2 class=\"elementor-heading-title elementor-size-default\">A equipa de sonho por tr\u00e1s dos nossos servi\u00e7os<\/h2>\t\t\t\t<\/div>\n\t\t\t\t\t<\/div>\n\t\t<\/div>\n\t\t\t\t\t<\/div>\n\t\t<\/section>\n\t\t\t\t<section class=\"elementor-section elementor-top-section elementor-element elementor-element-686a462b elementor-section-boxed elementor-section-height-default elementor-section-height-default\" data-id=\"686a462b\" data-element_type=\"section\">\n\t\t\t\t\t\t<div class=\"elementor-container elementor-column-gap-no\">\n\t\t\t\t\t<div class=\"elementor-column elementor-col-50 elementor-top-column elementor-element elementor-element-5552e801\" data-id=\"5552e801\" data-element_type=\"column\">\n\t\t\t<div class=\"elementor-widget-wrap elementor-element-populated\">\n\t\t\t\t\t\t<div class=\"elementor-element elementor-element-62f89314 elementor-position-left elementor-vertical-align-middle elementor-widget elementor-widget-image-box\" data-id=\"62f89314\" data-element_type=\"widget\" data-widget_type=\"image-box.default\">\n\t\t\t\t\t<div class=\"elementor-image-box-wrapper\"><figure class=\"elementor-image-box-img\"><img decoding=\"async\" width=\"160\" height=\"159\" src=\"https:\/\/lisbon-boats.com\/wp-content\/uploads\/2022\/01\/francisco_mendonca_thumbnail.png\" class=\"attachment-full size-full wp-image-4129\" alt=\"\" srcset=\"https:\/\/lisbon-boats.com\/wp-content\/uploads\/2022\/01\/francisco_mendonca_thumbnail.png 160w, https:\/\/lisbon-boats.com\/wp-content\/uploads\/2022\/01\/francisco_mendonca_thumbnail-150x150.png 150w\" sizes=\"(max-width: 160px) 100vw, 160px\" \/><\/figure><div class=\"elementor-image-box-content\"><h3 class=\"elementor-image-box-title\">FRANCISCO MENDON\u00c7A<\/h3><p class=\"elementor-image-box-description\">PROJECT Manager &amp; Skipper<\/p><\/div><\/div>\t\t\t\t<\/div>\n\t\t\t\t<div class=\"elementor-element elementor-element-33fcc398 elementor-widget elementor-widget-text-editor\" data-id=\"33fcc398\" data-element_type=\"widget\" data-widget_type=\"text-editor.default\">\n\t\t\t\t\t\t\t\t\t<div id=\"comp-ka8e4rmh__item1\" class=\"_1Q9if\" data-testid=\"richTextElement\">\n<p class=\"font_4\">O prazer de navegar e ensinar, o humor, o esp\u00edrito aventureiro, a paix\u00e3o pelas actividades aqu\u00e1ticas e a combina\u00e7\u00e3o com a sua experi\u00eancia e forte sentido de responsabilidade fazem do Francisco um excelente skipper, com quem gostar\u00e1 muito de trabalhar e partilhar excelentes momentos a bordo.<\/p>\n<\/div>\n\t\t\t\t\t\t\t\t<\/div>\n\t\t\t\t\t<\/div>\n\t\t<\/div>\n\t\t\t\t<div class=\"elementor-column elementor-col-50 elementor-top-column elementor-element elementor-element-4535a75e\" data-id=\"4535a75e\" data-element_type=\"column\">\n\t\t\t<div class=\"elementor-widget-wrap elementor-element-populated\">\n\t\t\t\t\t\t<div class=\"elementor-element elementor-element-729dcb74 elementor-position-left elementor-vertical-align-middle elementor-widget elementor-widget-image-box\" data-id=\"729dcb74\" data-element_type=\"widget\" data-widget_type=\"image-box.default\">\n\t\t\t\t\t<div class=\"elementor-image-box-wrapper\"><figure class=\"elementor-image-box-img\"><img decoding=\"async\" width=\"160\" height=\"159\" src=\"https:\/\/lisbon-boats.com\/wp-content\/uploads\/2022\/01\/rita_sa_fernandes_thumbnail.png\" class=\"attachment-full size-full wp-image-4131\" alt=\"\" srcset=\"https:\/\/lisbon-boats.com\/wp-content\/uploads\/2022\/01\/rita_sa_fernandes_thumbnail.png 160w, https:\/\/lisbon-boats.com\/wp-content\/uploads\/2022\/01\/rita_sa_fernandes_thumbnail-150x150.png 150w\" sizes=\"(max-width: 160px) 100vw, 160px\" \/><\/figure><div class=\"elementor-image-box-content\"><h3 class=\"elementor-image-box-title\">RITA S\u00c1 FERNANDES<\/h3><p class=\"elementor-image-box-description\">Bookings Manager &amp; Deckhand<\/p><\/div><\/div>\t\t\t\t<\/div>\n\t\t\t\t<div class=\"elementor-element elementor-element-78ad5e71 elementor-widget elementor-widget-text-editor\" data-id=\"78ad5e71\" data-element_type=\"widget\" data-widget_type=\"text-editor.default\">\n\t\t\t\t\t\t\t\t\t<div id=\"comp-ka8e4rmh__item-ka8fnmlj\" class=\"_1Q9if\" data-testid=\"richTextElement\">\n<p class=\"font_4\">Escuteira mar\u00edtima, apaixonada pela vida, pelas pessoas e pelo mar, a Rita possui excelentes skills de marinharia e uma vasta experi\u00eancia no front-office do sector hoteleiro. Est\u00e1 sempre pronta a ajudar e \u00e9 portadora de uma inigual\u00e1vel e contagiante alegria e boa disposi\u00e7\u00e3o!<\/p>\n<\/div>\n\t\t\t\t\t\t\t\t<\/div>\n\t\t\t\t\t<\/div>\n\t\t<\/div>\n\t\t\t\t\t<\/div>\n\t\t<\/section>\n\t\t\t\t<section class=\"elementor-section elementor-top-section elementor-element elementor-element-5a48b6c elementor-section-boxed elementor-section-height-default elementor-section-height-default\" data-id=\"5a48b6c\" data-element_type=\"section\">\n\t\t\t\t\t\t<div class=\"elementor-container elementor-column-gap-no\">\n\t\t\t\t\t<div class=\"elementor-column elementor-col-50 elementor-top-column elementor-element elementor-element-9de340f\" data-id=\"9de340f\" data-element_type=\"column\">\n\t\t\t<div class=\"elementor-widget-wrap elementor-element-populated\">\n\t\t\t\t\t\t<div class=\"elementor-element elementor-element-1d801c7 elementor-position-left elementor-vertical-align-middle elementor-widget elementor-widget-image-box\" data-id=\"1d801c7\" data-element_type=\"widget\" data-widget_type=\"image-box.default\">\n\t\t\t\t\t<div class=\"elementor-image-box-wrapper\"><figure class=\"elementor-image-box-img\"><img fetchpriority=\"high\" decoding=\"async\" width=\"1007\" height=\"1024\" src=\"https:\/\/lisbon-boats.com\/wp-content\/uploads\/2022\/01\/index2.jpg\" class=\"attachment-full size-full wp-image-4132\" alt=\"\" srcset=\"https:\/\/lisbon-boats.com\/wp-content\/uploads\/2022\/01\/index2.jpg 1007w, https:\/\/lisbon-boats.com\/wp-content\/uploads\/2022\/01\/index2-295x300.jpg 295w, https:\/\/lisbon-boats.com\/wp-content\/uploads\/2022\/01\/index2-768x781.jpg 768w\" sizes=\"(max-width: 1007px) 100vw, 1007px\" \/><\/figure><div class=\"elementor-image-box-content\"><h3 class=\"elementor-image-box-title\">SANDRA CARVALHO<\/h3><p class=\"elementor-image-box-description\">OPERATIONS &amp; Office manager<\/p><\/div><\/div>\t\t\t\t<\/div>\n\t\t\t\t<div class=\"elementor-element elementor-element-4fe6359 elementor-widget elementor-widget-text-editor\" data-id=\"4fe6359\" data-element_type=\"widget\" data-widget_type=\"text-editor.default\">\n\t\t\t\t\t\t\t\t\t<div id=\"comp-ka8e4rmh__item-ka8fnmlj\" class=\"_1Q9if\" data-testid=\"richTextElement\">\n<div id=\"comp-ka8e4rmh__item-j9pnv7xn\" class=\"_1Q9if\" data-testid=\"richTextElement\">\n<p class=\"font_4\">Engenheira de forma\u00e7\u00e3o, a Sandra tem quase vinte anos de experi\u00eancia na gest\u00e3o de opera\u00e7\u00f5es das nossas empresas e, com a sua inigual\u00e1vel simpatia e capacidade de lidar com dezenas de assuntos ao mesmo tempo, \u00e9 a base da qualidade do nossa gest\u00e3o, organiza\u00e7\u00e3o e controlo de servi\u00e7os.<\/p>\n<\/div>\n<\/div>\n\t\t\t\t\t\t\t\t<\/div>\n\t\t\t\t\t<\/div>\n\t\t<\/div>\n\t\t\t\t<div class=\"elementor-column elementor-col-50 elementor-top-column elementor-element elementor-element-a392c64\" data-id=\"a392c64\" data-element_type=\"column\">\n\t\t\t<div class=\"elementor-widget-wrap elementor-element-populated\">\n\t\t\t\t\t\t<div class=\"elementor-element elementor-element-5260375 elementor-position-left elementor-vertical-align-middle elementor-widget elementor-widget-image-box\" data-id=\"5260375\" data-element_type=\"widget\" data-widget_type=\"image-box.default\">\n\t\t\t\t\t<div class=\"elementor-image-box-wrapper\"><figure class=\"elementor-image-box-img\"><img loading=\"lazy\" decoding=\"async\" width=\"160\" height=\"159\" src=\"https:\/\/lisbon-boats.com\/wp-content\/uploads\/2022\/01\/francisco_leotte_thumbnail.png\" class=\"attachment-full size-full wp-image-4130\" alt=\"\" srcset=\"https:\/\/lisbon-boats.com\/wp-content\/uploads\/2022\/01\/francisco_leotte_thumbnail.png 160w, https:\/\/lisbon-boats.com\/wp-content\/uploads\/2022\/01\/francisco_leotte_thumbnail-150x150.png 150w\" sizes=\"(max-width: 160px) 100vw, 160px\" \/><\/figure><div class=\"elementor-image-box-content\"><h3 class=\"elementor-image-box-title\">FRANCISCO LEOTTE<\/h3><p class=\"elementor-image-box-description\">Bookings &amp; Skipper<\/p><\/div><\/div>\t\t\t\t<\/div>\n\t\t\t\t<div class=\"elementor-element elementor-element-5841fb5 elementor-widget elementor-widget-text-editor\" data-id=\"5841fb5\" data-element_type=\"widget\" data-widget_type=\"text-editor.default\">\n\t\t\t\t\t\t\t\t\t<div id=\"comp-ka8e4rmh__item1\" class=\"_1Q9if\" data-testid=\"richTextElement\">\n<div id=\"comp-ka8e4rmh__item-j9pnv9cm\" class=\"_1Q9if\" data-testid=\"richTextElement\">\n<p class=\"font_4\">Sempre bem disposto, com um perfil muito simp\u00e1tico e extremamente dispon\u00edvel, o Francisco \u00e9 um skipper e instrutor de vela experiente, multi-facetado e altamente qualificado que ser\u00e1 sempre uma vais-valia e excelente companhia para as suas f\u00e9rias!<\/p>\n<\/div>\n<\/div>\n\t\t\t\t\t\t\t\t<\/div>\n\t\t\t\t\t<\/div>\n\t\t<\/div>\n\t\t\t\t\t<\/div>\n\t\t<\/section>\n\t\t\t\t<section class=\"elementor-section elementor-top-section elementor-element elementor-element-35f06d0 elementor-section-boxed elementor-section-height-default elementor-section-height-default\" data-id=\"35f06d0\" data-element_type=\"section\">\n\t\t\t\t\t\t<div class=\"elementor-container elementor-column-gap-no\">\n\t\t\t\t\t<div class=\"elementor-column elementor-col-100 elementor-top-column elementor-element elementor-element-c1e658b\" data-id=\"c1e658b\" data-element_type=\"column\">\n\t\t\t<div class=\"elementor-widget-wrap elementor-element-populated\">\n\t\t\t\t\t\t<div class=\"elementor-element elementor-element-097c17f elementor-align-justify elementor-widget elementor-widget-button\" data-id=\"097c17f\" data-element_type=\"widget\" data-settings=\"{&quot;sticky&quot;:&quot;bottom&quot;,&quot;sticky_offset&quot;:10,&quot;sticky_on&quot;:[&quot;desktop&quot;,&quot;laptop&quot;,&quot;tablet&quot;,&quot;mobile&quot;],&quot;sticky_effects_offset&quot;:0}\" data-widget_type=\"button.default\">\n\t\t\t\t\t\t\t\t\t\t<a class=\"elementor-button elementor-button-link elementor-size-sm\" href=\"https:\/\/lisbon-boats.com\/pt-pt\/empregos\/\">\n\t\t\t\t\t\t<span class=\"elementor-button-content-wrapper\">\n\t\t\t\t\t\t\t\t\t<span class=\"elementor-button-text\">Espreite a pagina Empregos<\/span>\n\t\t\t\t\t<\/span>\n\t\t\t\t\t<\/a>\n\t\t\t\t\t\t\t\t<\/div>\n\t\t\t\t\t<\/div>\n\t\t<\/div>\n\t\t\t\t\t<\/div>\n\t\t<\/section>\n\t\t\t\t<section class=\"elementor-section elementor-top-section elementor-element elementor-element-c330ffa elementor-section-boxed elementor-section-height-default elementor-section-height-default\" data-id=\"c330ffa\" data-element_type=\"section\">\n\t\t\t\t\t\t<div class=\"elementor-container elementor-column-gap-no\">\n\t\t\t\t\t<div class=\"elementor-column elementor-col-100 elementor-top-column elementor-element elementor-element-d7faca2\" data-id=\"d7faca2\" data-element_type=\"column\">\n\t\t\t<div class=\"elementor-widget-wrap elementor-element-populated\">\n\t\t\t\t\t\t<div class=\"elementor-element elementor-element-c9643db elementor-widget elementor-widget-heading\" data-id=\"c9643db\" data-element_type=\"widget\" data-widget_type=\"heading.default\">\n\t\t\t\t\t<h2 class=\"elementor-heading-title elementor-size-default\">Fale com a nossa equipa<\/h2>\t\t\t\t<\/div>\n\t\t\t\t<div class=\"elementor-element elementor-element-e6c3516 elementor-button-align-stretch elementor-widget elementor-widget-form\" data-id=\"e6c3516\" data-element_type=\"widget\" data-settings=\"{&quot;step_next_label&quot;:&quot;Pr\\u00f3ximo&quot;,&quot;step_previous_label&quot;:&quot;Anterior&quot;,&quot;button_width&quot;:&quot;100&quot;,&quot;step_type&quot;:&quot;number_text&quot;,&quot;step_icon_shape&quot;:&quot;circle&quot;}\" data-widget_type=\"form.default\">\n\t\t\t\t<div class=\"elementor-widget-container\">\n\t\t\t\t\t\t\t<form class=\"elementor-form\" method=\"post\" name=\"Formul\u00e1rio Sobre n\u00f3s\">\n\t\t\t<input type=\"hidden\" name=\"post_id\" value=\"4285\"\/>\n\t\t\t<input type=\"hidden\" name=\"form_id\" value=\"e6c3516\"\/>\n\t\t\t<input type=\"hidden\" name=\"referer_title\" value=\"Sobre n\u00f3s\" \/>\n\n\t\t\t\t\t\t\t<input type=\"hidden\" name=\"queried_id\" value=\"4285\"\/>\n\t\t\t\n\t\t\t<div class=\"elementor-form-fields-wrapper elementor-labels-\">\n\t\t\t\t\t\t\t\t<div class=\"elementor-field-type-text elementor-field-group elementor-column elementor-field-group-name elementor-col-100 elementor-field-required\">\n\t\t\t\t\t\t\t\t\t\t\t\t<label for=\"form-field-name\" class=\"elementor-field-label elementor-screen-only\">\n\t\t\t\t\t\t\t\tNome\t\t\t\t\t\t\t<\/label>\n\t\t\t\t\t\t\t\t\t\t\t\t\t\t<input size=\"1\" type=\"text\" name=\"form_fields[name]\" id=\"form-field-name\" class=\"elementor-field elementor-size-sm  elementor-field-textual\" placeholder=\"Nome\" required=\"required\" aria-required=\"true\">\n\t\t\t\t\t\t\t\t\t\t\t<\/div>\n\t\t\t\t\t\t\t\t<div class=\"elementor-field-type-email elementor-field-group elementor-column elementor-field-group-email elementor-col-100 elementor-field-required\">\n\t\t\t\t\t\t\t\t\t\t\t\t<label for=\"form-field-email\" class=\"elementor-field-label elementor-screen-only\">\n\t\t\t\t\t\t\t\tEmail\t\t\t\t\t\t\t<\/label>\n\t\t\t\t\t\t\t\t\t\t\t\t\t\t<input size=\"1\" type=\"email\" name=\"form_fields[email]\" id=\"form-field-email\" class=\"elementor-field elementor-size-sm  elementor-field-textual\" placeholder=\"Email\" required=\"required\" aria-required=\"true\">\n\t\t\t\t\t\t\t\t\t\t\t<\/div>\n\t\t\t\t\t\t\t\t<div class=\"elementor-field-type-tel elementor-field-group elementor-column elementor-field-group-field_3439aca elementor-col-100\">\n\t\t\t\t\t\t\t\t\t\t\t\t<label for=\"form-field-field_3439aca\" class=\"elementor-field-label elementor-screen-only\">\n\t\t\t\t\t\t\t\tTelem\u00f3vel\t\t\t\t\t\t\t<\/label>\n\t\t\t\t\t\t\t\t<input size=\"1\" type=\"tel\" name=\"form_fields[field_3439aca]\" id=\"form-field-field_3439aca\" class=\"elementor-field elementor-size-sm  elementor-field-textual\" placeholder=\"Telem\u00f3vel\" pattern=\"[0-9()#&amp;+*-=.]+\" title=\"Only numbers and phone characters (#, -, *, etc) are accepted.\">\n\n\t\t\t\t\t\t<\/div>\n\t\t\t\t\t\t\t\t<div class=\"elementor-field-type-text elementor-field-group elementor-column elementor-field-group-subject elementor-col-100 elementor-field-required\">\n\t\t\t\t\t\t\t\t\t\t\t\t<label for=\"form-field-subject\" class=\"elementor-field-label elementor-screen-only\">\n\t\t\t\t\t\t\t\tAssunto\t\t\t\t\t\t\t<\/label>\n\t\t\t\t\t\t\t\t\t\t\t\t\t\t<input size=\"1\" type=\"text\" name=\"form_fields[subject]\" id=\"form-field-subject\" class=\"elementor-field elementor-size-sm  elementor-field-textual\" placeholder=\"Assunto\" required=\"required\" aria-required=\"true\">\n\t\t\t\t\t\t\t\t\t\t\t<\/div>\n\t\t\t\t\t\t\t\t<div class=\"elementor-field-type-textarea elementor-field-group elementor-column elementor-field-group-message elementor-col-100 elementor-field-required\">\n\t\t\t\t\t\t\t\t\t\t\t\t<label for=\"form-field-message\" class=\"elementor-field-label elementor-screen-only\">\n\t\t\t\t\t\t\t\tMensagem\t\t\t\t\t\t\t<\/label>\n\t\t\t\t\t\t<textarea class=\"elementor-field-textual elementor-field  elementor-size-sm\" name=\"form_fields[message]\" id=\"form-field-message\" rows=\"2\" placeholder=\"Mensagem\" required=\"required\" aria-required=\"true\"><\/textarea>\t\t\t\t<\/div>\n\t\t\t\t\t\t\t\t<div class=\"elementor-field-group elementor-column elementor-field-type-submit elementor-col-100 e-form__buttons\">\n\t\t\t\t\t<button class=\"elementor-button elementor-size-sm\" type=\"submit\">\n\t\t\t\t\t\t<span class=\"elementor-button-content-wrapper\">\n\t\t\t\t\t\t\t\t\t\t\t\t\t\t\t\t\t\t\t\t\t\t<span class=\"elementor-button-text\">Enviar<\/span>\n\t\t\t\t\t\t\t\t\t\t\t\t\t<\/span>\n\t\t\t\t\t<\/button>\n\t\t\t\t<\/div>\n\t\t\t<\/div>\n\t\t<\/form>\n\t\t\t\t\t\t<\/div>\n\t\t\t\t<\/div>\n\t\t\t\t\t<\/div>\n\t\t<\/div>\n\t\t\t\t\t<\/div>\n\t\t<\/section>\n\t\t\t\t<\/div>\n\t\t","protected":false},"excerpt":{"rendered":"<p>A equipa de sonho por tr\u00e1s dos nossos servi\u00e7os FRANCISCO MENDON\u00c7A PROJECT Manager &amp; Skipper O prazer de navegar e ensinar, o humor, o esp\u00edrito aventureiro, a paix\u00e3o pelas actividades aqu\u00e1ticas e a combina\u00e7\u00e3o com a sua experi\u00eancia e forte sentido de responsabilidade fazem do Francisco um excelente skipper, com quem gostar\u00e1 muito de trabalhar [&hellip;]<\/p>\n","protected":false},"author":1,"featured_media":0,"parent":0,"menu_order":0,"comment_status":"closed","ping_status":"closed","template":"elementor_header_footer","meta":{"_acf_changed":false,"footnotes":""},"class_list":["post-4285","page","type-page","status-publish","hentry"],"acf":[],"_links":{"self":[{"href":"https:\/\/lisbon-boats.com\/pt-pt\/wp-json\/wp\/v2\/pages\/4285","targetHints":{"allow":["GET"]}}],"collection":[{"href":"https:\/\/lisbon-boats.com\/pt-pt\/wp-json\/wp\/v2\/pages"}],"about":[{"href":"https:\/\/lisbon-boats.com\/pt-pt\/wp-json\/wp\/v2\/types\/page"}],"author":[{"embeddable":true,"href":"https:\/\/lisbon-boats.com\/pt-pt\/wp-json\/wp\/v2\/users\/1"}],"replies":[{"embeddable":true,"href":"https:\/\/lisbon-boats.com\/pt-pt\/wp-json\/wp\/v2\/comments?post=4285"}],"version-history":[{"count":3,"href":"https:\/\/lisbon-boats.com\/pt-pt\/wp-json\/wp\/v2\/pages\/4285\/revisions"}],"predecessor-version":[{"id":7971,"href":"https:\/\/lisbon-boats.com\/pt-pt\/wp-json\/wp\/v2\/pages\/4285\/revisions\/7971"}],"wp:attachment":[{"href":"https:\/\/lisbon-boats.com\/pt-pt\/wp-json\/wp\/v2\/media?parent=4285"}],"curies":[{"name":"wp","href":"https:\/\/api.w.org\/{rel}","templated":true}]}}